{"id":821,"date":"2024-09-13T02:58:53","date_gmt":"2024-09-13T02:58:53","guid":{"rendered":"https:\/\/locogic.com\/?page_id=821"},"modified":"2024-09-13T03:39:33","modified_gmt":"2024-09-13T03:39:33","slug":"services-2","status":"publish","type":"page","link":"https:\/\/locogic.com\/es\/services-2\/","title":{"rendered":"Servicios"},"content":{"rendered":"<div data-elementor-type=\"wp-page\" data-elementor-id=\"821\" class=\"elementor elementor-821\">\n\t\t\t\t\t\t<section class=\"elementor-section elementor-top-section elementor-element elementor-element-7f729b61 elementor-section-height-min-height elementor-section-boxed elementor-section-height-default elementor-section-items-middle\" data-id=\"7f729b61\" data-element_type=\"section\" data-e-type=\"section\" data-settings=\"{&quot;background_background&quot;:&quot;classic&quot;}\">\n\t\t\t\t\t\t\t<div class=\"elementor-background-overlay\"><\/div>\n\t\t\t\t\t\t\t<div class=\"elementor-container elementor-column-gap-default\">\n\t\t\t\t\t<div class=\"elementor-column elementor-col-100 elementor-top-column elementor-element elementor-element-79aec0c7\" data-id=\"79aec0c7\" data-element_type=\"column\" data-e-type=\"column\">\n\t\t\t<div class=\"elementor-widget-wrap elementor-element-populated\">\n\t\t\t\t\t\t<div class=\"elementor-element elementor-element-5877080 elementor-widget-mobile__width-initial elementor-invisible elementor-widget elementor-widget-heading\" data-id=\"5877080\" data-element_type=\"widget\" data-e-type=\"widget\" data-settings=\"{&quot;_animation&quot;:&quot;fadeIn&quot;}\" data-widget_type=\"heading.default\">\n\t\t\t\t<div class=\"elementor-widget-container\">\n\t\t\t\t\t<h1 class=\"elementor-heading-title elementor-size-default\">Our Services<\/h1>\t\t\t\t<\/div>\n\t\t\t\t<\/div>\n\t\t\t\t\t<\/div>\n\t\t<\/div>\n\t\t\t\t\t<\/div>\n\t\t<\/section>\n\t\t\t\t<section class=\"elementor-section elementor-top-section elementor-element elementor-element-1462ba4c elementor-section-boxed elementor-section-height-default elementor-section-height-default\" data-id=\"1462ba4c\" data-element_type=\"section\" data-e-type=\"section\">\n\t\t\t\t\t\t<div class=\"elementor-container elementor-column-gap-wide\">\n\t\t\t\t\t<div class=\"elementor-column elementor-col-100 elementor-top-column elementor-element elementor-element-3a035481 elementor-invisible\" data-id=\"3a035481\" data-element_type=\"column\" data-e-type=\"column\" data-settings=\"{&quot;animation&quot;:&quot;fadeInRight&quot;}\">\n\t\t\t<div class=\"elementor-widget-wrap elementor-element-populated\">\n\t\t\t\t\t\t<div class=\"elementor-element elementor-element-7ed20f4 elementor-widget elementor-widget-heading\" data-id=\"7ed20f4\" data-element_type=\"widget\" data-e-type=\"widget\" data-widget_type=\"heading.default\">\n\t\t\t\t<div class=\"elementor-widget-container\">\n\t\t\t\t\t<h2 class=\"elementor-heading-title elementor-size-default\">Modernizaci\u00f3n de aplicaciones<\/h2>\t\t\t\t<\/div>\n\t\t\t\t<\/div>\n\t\t\t\t<div class=\"elementor-element elementor-element-295c460f elementor-widget__width-inherit elementor-widget elementor-widget-text-editor\" data-id=\"295c460f\" data-element_type=\"widget\" data-e-type=\"widget\" data-widget_type=\"text-editor.default\">\n\t\t\t\t<div class=\"elementor-widget-container\">\n\t\t\t\t\t\t\t\t\t<p>At\u00a0<strong>Locogic<\/strong>, we specialize in application modernization. We understand that many businesses today are faced with the challenge of maintaining outdated legacy systems that are becoming increasingly difficult and expensive to maintain. That\u2019s where we come in.<\/p><p>Nuestro equipo de expertos tiene a\u00f1os de experiencia ayudando a las empresas a modernizar sus aplicaciones traslad\u00e1ndolas a la nube. Trabajamos estrechamente con nuestros clientes para desarrollar un plan personalizado que tenga en cuenta sus necesidades y desaf\u00edos \u00fanicos.<\/p><p>Our approach to application modernization involves leveraging cloud technologies to help businesses become more agile, scalable, and efficient. We help our clients identify the best cloud platform for their needs, whether it\u2019s Amazon Web Services (AWS), Microsoft Azure, or Google Cloud Platform.<\/p><p>\u00a0<\/p><p>Luego trabajamos para migrar sus aplicaciones existentes a la nube, aprovechando las \u00faltimas herramientas y tecnolog\u00edas para garantizar una transici\u00f3n sin problemas. Tambi\u00e9n podemos ayudar a nuestros clientes a modernizar sus aplicaciones refactoriz\u00e1ndolas o reescribi\u00e9ndolas en la nube, lo que puede mejorar el rendimiento, la escalabilidad y la seguridad.<\/p><p>\u00a0<\/p><p>Uno de los beneficios clave de la modernizaci\u00f3n de aplicaciones es el ahorro de costos. Al migrar a la nube, las empresas pueden reducir sus costos de infraestructura y mantenimiento, as\u00ed como mejorar su eficiencia operativa. Las aplicaciones modernizadas tambi\u00e9n tienden a ser m\u00e1s flexibles y adaptables, lo que facilita que las empresas respondan a las condiciones cambiantes del mercado y a las necesidades de los clientes.<\/p><p>\u00a0<\/p><p>Entendemos que la modernizaci\u00f3n de aplicaciones puede ser un proceso complejo, por lo que brindamos soporte continuo a nuestros clientes durante todo el proceso. Estamos comprometidos a garantizar que nuestros clientes tengan el conocimiento y las habilidades que necesitan para administrar sus aplicaciones modernizadas de manera efectiva.<\/p><p>\u00a0<\/p><p>In addition to application modernization, we also offer a range of other cloud consulting services, including cloud migration, cloud optimization, and cloud security. Our goal is to help businesses of all sizes achieve their cloud computing goals and thrive in today\u2019s rapidly evolving digital landscape.<\/p><p>\u00a0<\/p><p><a href=\"https:\/\/locogic.com\/es\/contact-us\/\" data-type=\"page\" data-id=\"45\">Cont\u00e1ctenos<\/a>\u00a0today to learn more about how we can help your business modernize its applications and take advantage of the many benefits of the cloud.<\/p>\t\t\t\t\t\t\t\t<\/div>\n\t\t\t\t<\/div>\n\t\t\t\t<div class=\"elementor-element elementor-element-7bbbb6a elementor-widget-divider--view-line elementor-widget elementor-widget-divider\" data-id=\"7bbbb6a\" data-element_type=\"widget\" data-e-type=\"widget\" data-widget_type=\"divider.default\">\n\t\t\t\t<div class=\"elementor-widget-container\">\n\t\t\t\t\t\t\t<div class=\"elementor-divider\">\n\t\t\t<span class=\"elementor-divider-separator\">\n\t\t\t\t\t\t<\/span>\n\t\t<\/div>\n\t\t\t\t\t\t<\/div>\n\t\t\t\t<\/div>\n\t\t\t\t<div class=\"elementor-element elementor-element-2e786c9 elementor-widget elementor-widget-heading\" data-id=\"2e786c9\" data-element_type=\"widget\" data-e-type=\"widget\" data-widget_type=\"heading.default\">\n\t\t\t\t<div class=\"elementor-widget-container\">\n\t\t\t\t\t<h2 class=\"elementor-heading-title elementor-size-default translation-block\">Migraci\u00f3n a la nube y Modernizaci\u00f3n<\/h2>\t\t\t\t<\/div>\n\t\t\t\t<\/div>\n\t\t\t\t<div class=\"elementor-element elementor-element-57e1160 elementor-widget elementor-widget-text-editor\" data-id=\"57e1160\" data-element_type=\"widget\" data-e-type=\"widget\" data-widget_type=\"text-editor.default\">\n\t\t\t\t<div class=\"elementor-widget-container\">\n\t\t\t\t\t\t\t\t\t<p>As businesses increasingly turn to cloud computing to support their operations, cloud migration and modernization have become critical considerations. At\u00a0<strong>locogic<\/strong>, we specialize in helping businesses migrate to the cloud and modernize their existing applications to take full advantage of cloud capabilities.<\/p><p>Nuestros servicios de modernizaci\u00f3n y migraci\u00f3n a la nube est\u00e1n dise\u00f1ados para ayudar a empresas de todos los tama\u00f1os e industrias a navegar por el complejo proceso de migrar a la nube. Trabajamos en estrecha colaboraci\u00f3n con nuestros clientes para desarrollar un plan de migraci\u00f3n personalizado que satisfaga sus necesidades y objetivos \u00fanicos.<\/p><p>Our approach to cloud migration and modernization involves a comprehensive assessment of our client\u2019s current infrastructure, applications, and data. We then work with our clients to identify the best cloud platform for their needs, whether it\u2019s Amazon Web Services (AWS), Microsoft Azure, or Google Cloud Platform.<\/p><p>Ayudamos a nuestros clientes a migrar sus aplicaciones, datos e infraestructura existentes a la nube utilizando metodolog\u00edas y herramientas probadas. Nuestro enfoque de migraci\u00f3n est\u00e1 dise\u00f1ado para minimizar el tiempo de inactividad y garantizar una transici\u00f3n perfecta a la nube. Una vez completada la migraci\u00f3n, ayudamos a nuestros clientes a optimizar su entorno de nube para mejorar el rendimiento, la escalabilidad y la rentabilidad.<\/p><p>Adem\u00e1s de la migraci\u00f3n a la nube, tambi\u00e9n ofrecemos servicios de modernizaci\u00f3n de aplicaciones para ayudar a nuestros clientes a aprovechar al m\u00e1ximo las capacidades de la nube. Ayudamos a nuestros clientes a modernizar sus aplicaciones refactoriz\u00e1ndolas o reescribi\u00e9ndolas en la nube, lo que puede mejorar el rendimiento, la escalabilidad y la seguridad. Las aplicaciones modernizadas tambi\u00e9n pueden ser m\u00e1s flexibles y adaptables, lo que facilita que las empresas respondan a las condiciones cambiantes del mercado y a las necesidades de los clientes.<\/p><p>Tambi\u00e9n brindamos soporte continuo a nuestros clientes para garantizar que su entorno de nube est\u00e9 optimizado y sea seguro. Nuestros servicios de seguridad en la nube incluyen detecci\u00f3n y prevenci\u00f3n de amenazas, control de acceso y monitoreo de cumplimiento.<\/p><p>At\u00a0<strong>locogic<\/strong>, our goal is to help businesses leverage the power of the cloud to become more agile, scalable, and efficient. Contact us today to learn more about how we can help your business migrate to the cloud and modernize your applications.<\/p>\t\t\t\t\t\t\t\t<\/div>\n\t\t\t\t<\/div>\n\t\t\t\t<div class=\"elementor-element elementor-element-aa49ad1 elementor-widget-divider--view-line elementor-widget elementor-widget-divider\" data-id=\"aa49ad1\" data-element_type=\"widget\" data-e-type=\"widget\" data-widget_type=\"divider.default\">\n\t\t\t\t<div class=\"elementor-widget-container\">\n\t\t\t\t\t\t\t<div class=\"elementor-divider\">\n\t\t\t<span class=\"elementor-divider-separator\">\n\t\t\t\t\t\t<\/span>\n\t\t<\/div>\n\t\t\t\t\t\t<\/div>\n\t\t\t\t<\/div>\n\t\t\t\t<div class=\"elementor-element elementor-element-17eb4a9 elementor-widget elementor-widget-heading\" data-id=\"17eb4a9\" data-element_type=\"widget\" data-e-type=\"widget\" data-widget_type=\"heading.default\">\n\t\t\t\t<div class=\"elementor-widget-container\">\n\t\t\t\t\t<h2 class=\"elementor-heading-title elementor-size-default\">Desarrollo de aplicaciones nativas en la nube<\/h2>\t\t\t\t<\/div>\n\t\t\t\t<\/div>\n\t\t\t\t<div class=\"elementor-element elementor-element-1d6ee1f elementor-widget elementor-widget-text-editor\" data-id=\"1d6ee1f\" data-element_type=\"widget\" data-e-type=\"widget\" data-widget_type=\"text-editor.default\">\n\t\t\t\t<div class=\"elementor-widget-container\">\n\t\t\t\t\t\t\t\t\t<p>At\u00a0<strong>locogic<\/strong>, we specialize in helping businesses develop cloud-native applications. Cloud-native application development is an approach to software development that leverages the unique capabilities of the cloud to create highly scalable, resilient, and agile applications.<\/p><p>Nuestro equipo de expertos tiene una amplia experiencia en el desarrollo de aplicaciones nativas de la nube utilizando una variedad de plataformas y tecnolog\u00edas en la nube, incluidas Amazon Web Services (AWS), Microsoft Azure y Google Cloud Platform. Trabajamos estrechamente con nuestros clientes para comprender sus necesidades y objetivos espec\u00edficos, y desarrollamos soluciones personalizadas que cumplan con sus requisitos \u00fanicos.<\/p><p>Nuestro enfoque para el desarrollo de aplicaciones nativas de la nube se basa en una arquitectura de microservicios, que implica dividir las aplicaciones en servicios peque\u00f1os e independientes que se pueden desarrollar, implementar y administrar por separado. Este enfoque permite una mayor flexibilidad y escalabilidad, as\u00ed como una mayor resiliencia y tolerancia a fallas.<\/p><p>We use modern development methodologies such as DevOps, agile, and continuous delivery to ensure that our clients\u2019 applications are delivered quickly and efficiently. We also leverage the latest cloud-native tools and technologies, such as containers and Kubernetes, to simplify the development and deployment process.<\/p><p>Uno de los beneficios clave del desarrollo de aplicaciones nativas de la nube es la capacidad de aprovechar el poder de la nube para crear aplicaciones altamente escalables y resilientes. Al utilizar la nube, las empresas pueden ampliar o reducir f\u00e1cilmente sus aplicaciones seg\u00fan sea necesario para satisfacer la demanda cambiante, y pueden garantizar que sus aplicaciones tengan alta disponibilidad y tolerancia a fallas.<\/p><p>Adem\u00e1s del desarrollo de aplicaciones nativas de la nube, tambi\u00e9n ofrecemos una variedad de otros servicios de consultor\u00eda en la nube, que incluyen migraci\u00f3n a la nube, optimizaci\u00f3n de la nube y seguridad en la nube. Nuestro objetivo es ayudar a empresas de todos los tama\u00f1os e industrias a aprovechar el poder de la nube para ser m\u00e1s \u00e1giles, escalables y eficientes.<\/p><p><a href=\"https:\/\/locogic.com\/es\/contact-us\/\" data-type=\"page\" data-id=\"45\">Cont\u00e1ctenos<\/a>\u00a0today to learn more about how we can help your business develop cloud-native applications and take full advantage of the capabilities of the cloud.<\/p>\t\t\t\t\t\t\t\t<\/div>\n\t\t\t\t<\/div>\n\t\t\t\t<div class=\"elementor-element elementor-element-9f9bb33 elementor-widget-divider--view-line elementor-widget elementor-widget-divider\" data-id=\"9f9bb33\" data-element_type=\"widget\" data-e-type=\"widget\" data-widget_type=\"divider.default\">\n\t\t\t\t<div class=\"elementor-widget-container\">\n\t\t\t\t\t\t\t<div class=\"elementor-divider\">\n\t\t\t<span class=\"elementor-divider-separator\">\n\t\t\t\t\t\t<\/span>\n\t\t<\/div>\n\t\t\t\t\t\t<\/div>\n\t\t\t\t<\/div>\n\t\t\t\t<div class=\"elementor-element elementor-element-e2f4dba elementor-widget elementor-widget-heading\" data-id=\"e2f4dba\" data-element_type=\"widget\" data-e-type=\"widget\" data-widget_type=\"heading.default\">\n\t\t\t\t<div class=\"elementor-widget-container\">\n\t\t\t\t\t<h2 class=\"elementor-heading-title elementor-size-default\">Optimizaci\u00f3n de costos<\/h2>\t\t\t\t<\/div>\n\t\t\t\t<\/div>\n\t\t\t\t<div class=\"elementor-element elementor-element-8bd3418 elementor-widget elementor-widget-text-editor\" data-id=\"8bd3418\" data-element_type=\"widget\" data-e-type=\"widget\" data-widget_type=\"text-editor.default\">\n\t\t\t\t<div class=\"elementor-widget-container\">\n\t\t\t\t\t\t\t\t\t<p>Bienvenido a\u00a0<strong>locogic<\/strong>. We understand that as a business owner, one of your top priorities is to minimize costs and maximize profits. That\u2019s where our cloud cost optimization services come in.<\/p><p>Al asociarnos con nosotros, lo ayudaremos a optimizar sus recursos en la nube para reducir sus costos sin comprometer la calidad de sus servicios. Nuestro equipo de expertos llevar\u00e1 a cabo un an\u00e1lisis exhaustivo de su entorno de nube para identificar \u00e1reas donde se pueden lograr ahorros de costos.\u00a0<\/p><p>Luego trabajaremos con usted para implementar un plan de optimizaci\u00f3n de costos personalizado que se adapte a sus necesidades comerciales \u00fanicas. Esto le ayudar\u00e1 a lograr importantes ahorros de costes a largo plazo y, al mismo tiempo, garantizar\u00e1 que sus servicios sigan funcionando a niveles \u00f3ptimos.<\/p><p>Nuestras soluciones de optimizaci\u00f3n de costos incluyen:<\/p><ul class=\"wp-block-list\"><li>Dimensionamiento adecuado de los recursos de la nube: lo ayudamos a identificar recursos sobreaprovisionados y optimizarlos para lograr la m\u00e1xima eficiencia.<\/li><li>Gesti\u00f3n de instancias reservadas: Ayudamos en la gesti\u00f3n de instancias reservadas para reducir sus costos en la nube.<\/li><li>Monitoreo de costos automatizado: proporcionamos monitoreo automatizado de su uso y costos de la nube para ayudarlo a mantenerse dentro del presupuesto.<\/li><li>Gesti\u00f3n de instancias de spot: Podemos ayudarle a optimizar el uso de instancias de spot, reduciendo sus costos de nube.<\/li><li>Optimizaci\u00f3n continua: trabajamos con usted para garantizar que su entorno de nube se optimice continuamente para lograr el m\u00e1ximo ahorro de costos.<\/li><\/ul><p>Con nuestros servicios de optimizaci\u00f3n de costos, puede estar seguro de que est\u00e1 aprovechando al m\u00e1ximo sus recursos en la nube, sin sacrificar la calidad ni el rendimiento.<\/p><p>As\u00f3ciese con nosotros hoy y experimente importantes ahorros de costos mientras mantiene la calidad de sus servicios en la nube.<\/p><p><a href=\"https:\/\/locogic.com\/es\/contact-us\/\" data-type=\"page\" data-id=\"45\">Cont\u00e1ctenos<\/a>\u00a0now to learn more about our cloud cost optimization services.<\/p>\t\t\t\t\t\t\t\t<\/div>\n\t\t\t\t<\/div>\n\t\t\t\t<div class=\"elementor-element elementor-element-8094696 elementor-widget-divider--view-line elementor-widget elementor-widget-divider\" data-id=\"8094696\" data-element_type=\"widget\" data-e-type=\"widget\" data-widget_type=\"divider.default\">\n\t\t\t\t<div class=\"elementor-widget-container\">\n\t\t\t\t\t\t\t<div class=\"elementor-divider\">\n\t\t\t<span class=\"elementor-divider-separator\">\n\t\t\t\t\t\t<\/span>\n\t\t<\/div>\n\t\t\t\t\t\t<\/div>\n\t\t\t\t<\/div>\n\t\t\t\t<div class=\"elementor-element elementor-element-b503d08 elementor-widget elementor-widget-heading\" data-id=\"b503d08\" data-element_type=\"widget\" data-e-type=\"widget\" data-widget_type=\"heading.default\">\n\t\t\t\t<div class=\"elementor-widget-container\">\n\t\t\t\t\t<h2 class=\"elementor-heading-title elementor-size-default\">DevOps<\/h2>\t\t\t\t<\/div>\n\t\t\t\t<\/div>\n\t\t\t\t<div class=\"elementor-element elementor-element-a915467 elementor-widget elementor-widget-text-editor\" data-id=\"a915467\" data-element_type=\"widget\" data-e-type=\"widget\" data-widget_type=\"text-editor.default\">\n\t\t\t\t<div class=\"elementor-widget-container\">\n\t\t\t\t\t\t\t\t\t<p>DevOps is a critical part of modern software development, and at\u00a0<strong>locogic<\/strong>, we specialize in helping businesses adopt and implement DevOps practices to streamline their software development processes and improve their software quality.<\/p><p>DevOps es una metodolog\u00eda que enfatiza la colaboraci\u00f3n, la comunicaci\u00f3n y la automatizaci\u00f3n entre los equipos de desarrollo y operaciones para mejorar la velocidad y la calidad de la entrega de software. Nuestro equipo de expertos tiene una amplia experiencia en DevOps y puede ayudar a empresas de todos los tama\u00f1os e industrias a implementar pr\u00e1cticas de DevOps para mejorar sus procesos de desarrollo de software.<\/p><p>Nuestros servicios de consultor\u00eda DevOps incluyen:<\/p><ul class=\"wp-block-list\"><li>DevOps Assessment: We perform a comprehensive assessment of our client\u2019s software development process to identify areas for improvement and opportunities for automation.<\/li><li>Estrategia y planificaci\u00f3n DevOps: trabajamos con nuestros clientes para desarrollar una estrategia de DevOps personalizada que satisfaga sus necesidades y objetivos \u00fanicos.<\/li><li>Herramientas y tecnolog\u00edas DevOps: ayudamos a nuestros clientes a seleccionar e implementar las herramientas y tecnolog\u00edas adecuadas para automatizar su proceso de desarrollo de software, incluidas las canalizaciones de integraci\u00f3n\/implementaci\u00f3n continua (CI\/CD), la utilizaci\u00f3n de containers e infraestructura como c\u00f3digo (IaC).<\/li><li>Implementaci\u00f3n DevOps: ayudamos a nuestros clientes a implementar pr\u00e1cticas de DevOps, incluido el desarrollo \u00e1gil, la automatizaci\u00f3n de pruebas y el monitoreo continuo.<\/li><li>Optimizaci\u00f3n DevOps: brindamos soporte continuo para ayudar a nuestros clientes a optimizar sus procesos de DevOps, incluido el ajuste del rendimiento, la optimizaci\u00f3n de costos y el monitoreo de seguridad y cumplimiento de normas.<\/li><\/ul><p>Al adoptar pr\u00e1cticas de DevOps, las empresas pueden beneficiarse reduciendo el tiempo de lanzamiento de sus aplicaciones al mercado, un software de mayor calidad y una mejor colaboraci\u00f3n y comunicaci\u00f3n entre los equipos de desarrollo y operaciones. DevOps tambi\u00e9n puede ayudar a las empresas a reducir el riesgo de fallas de software y mejorar su capacidad para responder a las condiciones cambiantes del mercado y las necesidades de los clientes.<\/p><p>At\u00a0<strong>locogic<\/strong>, we are committed to helping businesses leverage the power of DevOps to streamline their software development processes and improve their software quality.<\/p><p><a href=\"https:\/\/locogic.com\/es\/contact-us\/\" data-type=\"page\" data-id=\"45\">Cont\u00e1ctenos<\/a>\u00a0today to learn more about our DevOps consulting services and how we can help your business achieve its software development goals.<\/p>\t\t\t\t\t\t\t\t<\/div>\n\t\t\t\t<\/div>\n\t\t\t\t\t<\/div>\n\t\t<\/div>\n\t\t\t\t\t<\/div>\n\t\t<\/section>\n\t\t\t\t<\/div>","protected":false},"excerpt":{"rendered":"<p>Our Services Application Modernization At\u00a0Locogic, we specialize in application modernization. We understand that many businesses today are faced with the challenge of maintaining outdated legacy systems that are becoming increasingly difficult and expensive to maintain. That\u2019s where we come in. &hellip; <a href=\"https:\/\/locogic.com\/es\/services-2\/\">Read More<\/a><\/p>","protected":false},"author":2,"featured_media":0,"parent":0,"menu_order":0,"comment_status":"closed","ping_status":"closed","template":"","meta":{"_coblocks_attr":"","_coblocks_dimensions":"","_coblocks_responsive_height":"","_coblocks_accordion_ie_support":"","footnotes":""},"class_list":["post-821","page","type-page","status-publish","hentry"],"_links":{"self":[{"href":"https:\/\/locogic.com\/es\/wp-json\/wp\/v2\/pages\/821","targetHints":{"allow":["GET"]}}],"collection":[{"href":"https:\/\/locogic.com\/es\/wp-json\/wp\/v2\/pages"}],"about":[{"href":"https:\/\/locogic.com\/es\/wp-json\/wp\/v2\/types\/page"}],"author":[{"embeddable":true,"href":"https:\/\/locogic.com\/es\/wp-json\/wp\/v2\/users\/2"}],"replies":[{"embeddable":true,"href":"https:\/\/locogic.com\/es\/wp-json\/wp\/v2\/comments?post=821"}],"version-history":[{"count":25,"href":"https:\/\/locogic.com\/es\/wp-json\/wp\/v2\/pages\/821\/revisions"}],"predecessor-version":[{"id":879,"href":"https:\/\/locogic.com\/es\/wp-json\/wp\/v2\/pages\/821\/revisions\/879"}],"wp:attachment":[{"href":"https:\/\/locogic.com\/es\/wp-json\/wp\/v2\/media?parent=821"}],"curies":[{"name":"wp","href":"https:\/\/api.w.org\/{rel}","templated":true}]}}